{"id":103,"date":"2023-04-28T11:10:29","date_gmt":"2023-04-28T11:10:29","guid":{"rendered":"https:\/\/jan-clever.de\/?page_id=103"},"modified":"2023-04-28T16:21:28","modified_gmt":"2023-04-28T16:21:28","slug":"medientechnik","status":"publish","type":"page","link":"https:\/\/jan-clever.de\/?page_id=103","title":{"rendered":"Medientechnik"},"content":{"rendered":"<p>[et_pb_section fb_built=&#8220;1&#8243; fullwidth=&#8220;on&#8220; admin_label=&#8220;Header&#8220; _builder_version=&#8220;4.20.4&#8243; _module_preset=&#8220;default&#8220; global_colors_info=&#8220;{}&#8220;][et_pb_fullwidth_slider show_arrows=&#8220;off&#8220; show_pagination=&#8220;off&#8220; use_bg_overlay=&#8220;off&#8220; use_text_overlay=&#8220;off&#8220; _builder_version=&#8220;4.21.0&#8243; _module_preset=&#8220;default&#8220; use_background_color_gradient=&#8220;on&#8220; background_color_gradient_stops=&#8220;rgba(10,2,1,0.4) 100%|#29c4a9 100%&#8220; background_color_gradient_overlays_image=&#8220;on&#8220; height=&#8220;100vh&#8220; auto=&#8220;on&#8220; auto_speed=&#8220;15000&#8243; global_colors_info=&#8220;{}&#8220;][et_pb_slide _builder_version=&#8220;4.21.0&#8243; _module_preset=&#8220;default&#8220; background_enable_color=&#8220;off&#8220; background_image=&#8220;https:\/\/jan-clever.de\/wp-content\/uploads\/2023\/04\/2022.05.21-HochzeitMariaundAndiKunsmann708von733-scaled.jpg&#8220; background_enable_image=&#8220;on&#8220; global_colors_info=&#8220;{}&#8220; sticky_transition=&#8220;on&#8220;][\/et_pb_slide][et_pb_slide _builder_version=&#8220;4.21.0&#8243; _module_preset=&#8220;default&#8220; background_enable_color=&#8220;off&#8220; background_image=&#8220;https:\/\/jan-clever.de\/wp-content\/uploads\/2023\/04\/2020.09.05-HochzeitNataschaFabian508von650-scaled.jpg&#8220; background_enable_image=&#8220;on&#8220; global_colors_info=&#8220;{}&#8220; sticky_transition=&#8220;on&#8220;][\/et_pb_slide][et_pb_slide _builder_version=&#8220;4.21.0&#8243; _module_preset=&#8220;default&#8220; background_enable_color=&#8220;off&#8220; background_image=&#8220;https:\/\/jan-clever.de\/wp-content\/uploads\/2023\/04\/2020.09.05-HochzeitNataschaFabian492von650-scaled.jpg&#8220; background_enable_image=&#8220;on&#8220; global_colors_info=&#8220;{}&#8220; sticky_transition=&#8220;on&#8220;][\/et_pb_slide][et_pb_slide _builder_version=&#8220;4.21.0&#8243; _module_preset=&#8220;default&#8220; background_enable_color=&#8220;off&#8220; background_image=&#8220;https:\/\/jan-clever.de\/wp-content\/uploads\/2023\/04\/2019.10.12-HochzeitMagdalenaDanielKirche561von614-scaled.jpg&#8220; background_enable_image=&#8220;on&#8220; global_colors_info=&#8220;{}&#8220; sticky_transition=&#8220;on&#8220;][\/et_pb_slide][et_pb_slide _builder_version=&#8220;4.21.0&#8243; _module_preset=&#8220;default&#8220; background_enable_color=&#8220;off&#8220; background_image=&#8220;https:\/\/jan-clever.de\/wp-content\/uploads\/2023\/04\/2019.10.12-HochzeitMagdalenaDanielKirche596von614-scaled.jpg&#8220; background_enable_image=&#8220;on&#8220; global_colors_info=&#8220;{}&#8220; sticky_transition=&#8220;on&#8220;][\/et_pb_slide][\/et_pb_fullwidth_slider][et_pb_fullwidth_header title=&#8220;Medientechnik f\u00fcr Hochzeiten&#8220; subhead=&#8220;Audio-, Video- und Lichttechnik f\u00fcr alle Sinne.&#8220; button_one_text=&#8220;Das suchen wir!&#8220; button_one_url=&#8220;@ET-DC@eyJkeW5hbWljIjp0cnVlLCJjb250ZW50IjoicG9zdF9saW5rX3VybF9wYWdlIiwic2V0dGluZ3MiOnsicG9zdF9pZCI6IjEwNyJ9fQ==@&#8220; title_tablet=&#8220;Medientechnik f\u00fcr Hochzeiten&#8220; title_phone=&#8220;Hochzeitsfotografie zum Wohlf\u00fchlen&#8220; title_last_edited=&#8220;off|tablet&#8220; _builder_version=&#8220;4.21.0&#8243; _dynamic_attributes=&#8220;button_one_url&#8220; _module_preset=&#8220;default&#8220; title_font=&#8220;Satisfy||||||||&#8220; title_text_align=&#8220;center&#8220; title_text_color=&#8220;#FFFFFF&#8220; title_font_size=&#8220;4vw&#8220; subhead_font=&#8220;Satisfy||||||||&#8220; subhead_text_align=&#8220;center&#8220; subhead_font_size=&#8220;1.8vw&#8220; subhead_letter_spacing=&#8220;0.2vw&#8220; subhead_line_height=&#8220;2em&#8220; background_enable_color=&#8220;off&#8220; custom_button_one=&#8220;on&#8220; button_one_text_size=&#8220;1.5vw&#8220; button_one_font=&#8220;Cormorant Garamond||||||||&#8220; button_one_custom_margin=&#8220;|||25vw|false|false&#8220; module_alignment=&#8220;center&#8220; custom_margin=&#8220;-70vh||34vh||false|false&#8220; custom_margin_tablet=&#8220;-70vh||20vh||false|false&#8220; custom_margin_phone=&#8220;-60vh||16vh||false|false&#8220; custom_margin_last_edited=&#8220;on|phone&#8220; custom_padding=&#8220;||||false|false&#8220; title_font_last_edited=&#8220;off|phone&#8220; title_font_size_tablet=&#8220;10vw&#8220; title_font_size_phone=&#8220;10vw&#8220; title_font_size_last_edited=&#8220;on|tablet&#8220; subhead_font_size_tablet=&#8220;5vw&#8220; subhead_font_size_phone=&#8220;5vw&#8220; subhead_font_size_last_edited=&#8220;on|phone&#8220; subhead_letter_spacing_tablet=&#8220;0.2vw&#8220; subhead_letter_spacing_phone=&#8220;0.4vw&#8220; subhead_letter_spacing_last_edited=&#8220;on|phone&#8220; subhead_line_height_tablet=&#8220;1.5em&#8220; subhead_line_height_phone=&#8220;1.7em&#8220; subhead_line_height_last_edited=&#8220;on|phone&#8220; button_one_text_size_tablet=&#8220;3vw&#8220; button_one_text_size_phone=&#8220;4vw&#8220; button_one_text_size_last_edited=&#8220;on|tablet&#8220; global_colors_info=&#8220;{}&#8220;][\/et_pb_fullwidth_header][\/et_pb_section][et_pb_section fb_built=&#8220;1&#8243; admin_label=&#8220;About&#8220; _builder_version=&#8220;4.21.0&#8243; _module_preset=&#8220;default&#8220; background_color=&#8220;RGBA(255,255,255,0)&#8220; background_enable_mask_style=&#8220;on&#8220; background_mask_style=&#8220;honeycomb&#8220; background_mask_size=&#8220;cover&#8220; collapsed=&#8220;off&#8220; global_colors_info=&#8220;{}&#8220;][et_pb_row column_structure=&#8220;3_5,2_5&#8243; _builder_version=&#8220;4.20.0&#8243; _module_preset=&#8220;default&#8220; custom_padding=&#8220;||0px||false|false&#8220; global_colors_info=&#8220;{}&#8220;][et_pb_column type=&#8220;3_5&#8243; _builder_version=&#8220;4.20.0&#8243; _module_preset=&#8220;default&#8220; global_colors_info=&#8220;{}&#8220;][et_pb_text _builder_version=&#8220;4.21.0&#8243; _module_preset=&#8220;1d093c90-64f3-401b-9780-0825b6a29201&#8243; text_font=&#8220;||||||||&#8220; text_text_color=&#8220;#0a0a0a&#8220; text_font_size=&#8220;1.2vw&#8220; text_letter_spacing=&#8220;1px&#8220; global_colors_info=&#8220;{}&#8220;]<\/p>\n<p>Unter diesem Link gelangt ihr direkt zum <strong>Dry Hire Shop<\/strong> f\u00fcr Medientechnik f\u00fcr eure Hochzeit.<\/p>\n<p>Neben meiner Erfahrung als <strong>Hochzeitsfotograf<\/strong>, arbeite auch schon mehr als 13 Jahre in der <strong>Eventbranche<\/strong> und vermiete dadurch selbstst\u00e4ndig Medientechnik. Dadurch besitze ich aber auch ein <strong>gro\u00dfes Netzwerk<\/strong> von Freund:innen und Partner:innen, die euch gerne in <strong>euren Anliegen<\/strong> unterst\u00fctzen.<\/p>\n<p>&nbsp;<\/p>\n<p>Ob Caterer, Hochzeits-DJ, Trauredner, Visagisten, Dekorateure usw. &#8230;.<\/p>\n<p>&nbsp;<\/p>\n<p>[\/et_pb_text][\/et_pb_column][et_pb_column type=&#8220;2_5&#8243; _builder_version=&#8220;4.20.0&#8243; _module_preset=&#8220;default&#8220; global_colors_info=&#8220;{}&#8220;][\/et_pb_column][\/et_pb_row][et_pb_row _builder_version=&#8220;4.21.0&#8243; _module_preset=&#8220;default&#8220; global_colors_info=&#8220;{}&#8220;][et_pb_column type=&#8220;4_4&#8243; _builder_version=&#8220;4.21.0&#8243; _module_preset=&#8220;default&#8220; global_colors_info=&#8220;{}&#8220;][et_pb_button button_url=&#8220;https:\/\/inotech.musiker-job-s1.de\/Verleihkatalog_Frames.php?&#8220; button_text=&#8220;Dry Hire Shop&#8220; button_alignment=&#8220;center&#8220; _builder_version=&#8220;4.21.0&#8243; _module_preset=&#8220;default&#8220; custom_button=&#8220;on&#8220; button_text_size=&#8220;3vw&#8220; global_colors_info=&#8220;{}&#8220;][\/et_pb_button][\/et_pb_column][\/et_pb_row][\/et_pb_section][et_pb_section fb_built=&#8220;1&#8243; admin_label=&#8220;Footer&#8220; _builder_version=&#8220;4.21.0&#8243; _module_preset=&#8220;default&#8220; background_color=&#8220;RGBA(255,255,255,0)&#8220; saved_tabs=&#8220;all&#8220; collapsed=&#8220;on&#8220; global_colors_info=&#8220;{}&#8220;][et_pb_row _builder_version=&#8220;4.20.0&#8243; _module_preset=&#8220;default&#8220; global_colors_info=&#8220;{}&#8220;][et_pb_column type=&#8220;4_4&#8243; _builder_version=&#8220;4.20.0&#8243; _module_preset=&#8220;default&#8220; global_colors_info=&#8220;{}&#8220;][et_pb_text _builder_version=&#8220;4.21.0&#8243; _module_preset=&#8220;e0022439-63c6-4c16-8396-8185a08896c9&#8243; header_2_font=&#8220;|||on|||||&#8220; header_2_text_color=&#8220;#0a0a0a&#8220; header_2_font_size=&#8220;4vw&#8220; text_orientation=&#8220;center&#8220; header_2_font_size_tablet=&#8220;6vw&#8220; global_colors_info=&#8220;{}&#8220;]<\/p>\n<h2><span style=\"color: #333333;\">Auf eure unvergesslichen Momente<\/span><\/h2>\n<p>[\/et_pb_text][et_pb_contact_form captcha=&#8220;off&#8220; email=&#8220;info@jan-clever.de&#8220; success_message=&#8220;Vielen Dank f\u00fcr deine Anfrage! Ich werde mich umgehend bei dir melden. Jan&#8220; submit_button_text=&#8220;Senden&#8220; _builder_version=&#8220;4.21.0&#8243; _module_preset=&#8220;736fe09a-3df1-4e43-9bde-824ec9c9c7c3&#8243; form_field_text_color=&#8220;#333333&#8243; form_field_focus_text_color=&#8220;#333333&#8243; captcha_font_size=&#8220;0.9vw&#8220; form_field_font=&#8220;|||on|||||&#8220; form_field_font_size=&#8220;0.9vw&#8220; button_text_size=&#8220;0.9vw&#8220; max_width=&#8220;700px&#8220; module_alignment=&#8220;center&#8220; captcha_font_size_tablet=&#8220;2vw&#8220; captcha_font_size_phone=&#8220;3.5vw&#8220; captcha_font_size_last_edited=&#8220;on|phone&#8220; form_field_font_size_tablet=&#8220;2vw&#8220; form_field_font_size_phone=&#8220;3.5vw&#8220; form_field_font_size_last_edited=&#8220;on|phone&#8220; button_text_size_tablet=&#8220;2vw&#8220; button_text_size_phone=&#8220;3.5vw&#8220; button_text_size_last_edited=&#8220;on|phone&#8220; locked=&#8220;off&#8220; global_colors_info=&#8220;{}&#8220;][et_pb_contact_field field_id=&#8220;Name&#8220; field_title=&#8220;Name&#8220; fullwidth_field=&#8220;on&#8220; _builder_version=&#8220;4.21.0&#8243; _module_preset=&#8220;default&#8220; global_colors_info=&#8220;{}&#8220; button_text_size__hover_enabled=&#8220;off&#8220; button_one_text_size__hover_enabled=&#8220;off&#8220; button_two_text_size__hover_enabled=&#8220;off&#8220; button_text_color__hover_enabled=&#8220;off&#8220; button_one_text_color__hover_enabled=&#8220;off&#8220; button_two_text_color__hover_enabled=&#8220;off&#8220; button_border_width__hover_enabled=&#8220;off&#8220; button_one_border_width__hover_enabled=&#8220;off&#8220; button_two_border_width__hover_enabled=&#8220;off&#8220; button_border_color__hover_enabled=&#8220;off&#8220; button_one_border_color__hover_enabled=&#8220;off&#8220; button_two_border_color__hover_enabled=&#8220;off&#8220; button_border_radius__hover_enabled=&#8220;off&#8220; button_one_border_radius__hover_enabled=&#8220;off&#8220; button_two_border_radius__hover_enabled=&#8220;off&#8220; button_letter_spacing__hover_enabled=&#8220;off&#8220; button_one_letter_spacing__hover_enabled=&#8220;off&#8220; button_two_letter_spacing__hover_enabled=&#8220;off&#8220; button_bg_color__hover_enabled=&#8220;off&#8220; button_one_bg_color__hover_enabled=&#8220;off&#8220; button_two_bg_color__hover_enabled=&#8220;off&#8220;][\/et_pb_contact_field][et_pb_contact_field field_id=&#8220;Email&#8220; field_title=&#8220;E-Mail-Adresse&#8220; field_type=&#8220;email&#8220; fullwidth_field=&#8220;on&#8220; _builder_version=&#8220;4.21.0&#8243; _module_preset=&#8220;default&#8220; global_colors_info=&#8220;{}&#8220; button_text_size__hover_enabled=&#8220;off&#8220; button_one_text_size__hover_enabled=&#8220;off&#8220; button_two_text_size__hover_enabled=&#8220;off&#8220; button_text_color__hover_enabled=&#8220;off&#8220; button_one_text_color__hover_enabled=&#8220;off&#8220; button_two_text_color__hover_enabled=&#8220;off&#8220; button_border_width__hover_enabled=&#8220;off&#8220; button_one_border_width__hover_enabled=&#8220;off&#8220; button_two_border_width__hover_enabled=&#8220;off&#8220; button_border_color__hover_enabled=&#8220;off&#8220; button_one_border_color__hover_enabled=&#8220;off&#8220; button_two_border_color__hover_enabled=&#8220;off&#8220; button_border_radius__hover_enabled=&#8220;off&#8220; button_one_border_radius__hover_enabled=&#8220;off&#8220; button_two_border_radius__hover_enabled=&#8220;off&#8220; button_letter_spacing__hover_enabled=&#8220;off&#8220; button_one_letter_spacing__hover_enabled=&#8220;off&#8220; button_two_letter_spacing__hover_enabled=&#8220;off&#8220; button_bg_color__hover_enabled=&#8220;off&#8220; button_one_bg_color__hover_enabled=&#8220;off&#8220; button_two_bg_color__hover_enabled=&#8220;off&#8220;][\/et_pb_contact_field][et_pb_contact_field field_id=&#8220;Phone&#8220; field_title=&#8220;Telefonnummer&#8220; fullwidth_field=&#8220;on&#8220; _builder_version=&#8220;4.21.0&#8243; _module_preset=&#8220;default&#8220; global_colors_info=&#8220;{}&#8220; button_text_size__hover_enabled=&#8220;off&#8220; button_one_text_size__hover_enabled=&#8220;off&#8220; button_two_text_size__hover_enabled=&#8220;off&#8220; button_text_color__hover_enabled=&#8220;off&#8220; button_one_text_color__hover_enabled=&#8220;off&#8220; button_two_text_color__hover_enabled=&#8220;off&#8220; button_border_width__hover_enabled=&#8220;off&#8220; button_one_border_width__hover_enabled=&#8220;off&#8220; button_two_border_width__hover_enabled=&#8220;off&#8220; button_border_color__hover_enabled=&#8220;off&#8220; button_one_border_color__hover_enabled=&#8220;off&#8220; button_two_border_color__hover_enabled=&#8220;off&#8220; button_border_radius__hover_enabled=&#8220;off&#8220; button_one_border_radius__hover_enabled=&#8220;off&#8220; button_two_border_radius__hover_enabled=&#8220;off&#8220; button_letter_spacing__hover_enabled=&#8220;off&#8220; button_one_letter_spacing__hover_enabled=&#8220;off&#8220; button_two_letter_spacing__hover_enabled=&#8220;off&#8220; button_bg_color__hover_enabled=&#8220;off&#8220; button_one_bg_color__hover_enabled=&#8220;off&#8220; button_two_bg_color__hover_enabled=&#8220;off&#8220;][\/et_pb_contact_field][et_pb_contact_field field_id=&#8220;Message&#8220; field_title=&#8220;Deine Nachricht&#8220; field_type=&#8220;text&#8220; fullwidth_field=&#8220;on&#8220; _builder_version=&#8220;4.21.0&#8243; _module_preset=&#8220;default&#8220; global_colors_info=&#8220;{}&#8220; button_text_size__hover_enabled=&#8220;off&#8220; button_one_text_size__hover_enabled=&#8220;off&#8220; button_two_text_size__hover_enabled=&#8220;off&#8220; button_text_color__hover_enabled=&#8220;off&#8220; button_one_text_color__hover_enabled=&#8220;off&#8220; button_two_text_color__hover_enabled=&#8220;off&#8220; button_border_width__hover_enabled=&#8220;off&#8220; button_one_border_width__hover_enabled=&#8220;off&#8220; button_two_border_width__hover_enabled=&#8220;off&#8220; button_border_color__hover_enabled=&#8220;off&#8220; button_one_border_color__hover_enabled=&#8220;off&#8220; button_two_border_color__hover_enabled=&#8220;off&#8220; button_border_radius__hover_enabled=&#8220;off&#8220; button_one_border_radius__hover_enabled=&#8220;off&#8220; button_two_border_radius__hover_enabled=&#8220;off&#8220; button_letter_spacing__hover_enabled=&#8220;off&#8220; button_one_letter_spacing__hover_enabled=&#8220;off&#8220; button_two_letter_spacing__hover_enabled=&#8220;off&#8220; button_bg_color__hover_enabled=&#8220;off&#8220; button_one_bg_color__hover_enabled=&#8220;off&#8220; button_two_bg_color__hover_enabled=&#8220;off&#8220;][\/et_pb_contact_field][\/et_pb_contact_form][\/et_pb_column][\/et_pb_row][\/et_pb_section]<\/p>\n","protected":false},"excerpt":{"rendered":"<p>Unter diesem Link gelangt ihr direkt zum Dry Hire Shop f\u00fcr Medientechnik f\u00fcr eure Hochzeit. Neben meiner Erfahrung als Hochzeitsfotograf, arbeite auch schon mehr als 13 Jahre in der Eventbranche und vermiete dadurch selbstst\u00e4ndig Medientechnik. Dadurch besitze ich aber auch ein gro\u00dfes Netzwerk von Freund:innen und Partner:innen, die euch gerne in euren Anliegen unterst\u00fctzen. &nbsp; [&hellip;]<\/p>\n","protected":false},"author":1,"featured_media":0,"parent":0,"menu_order":0,"comment_status":"closed","ping_status":"closed","template":"","meta":{"_et_pb_use_builder":"on","_et_pb_old_content":"","_et_gb_content_width":"","footnotes":""},"class_list":["post-103","page","type-page","status-publish","hentry"],"_links":{"self":[{"href":"https:\/\/jan-clever.de\/index.php?rest_route=\/wp\/v2\/pages\/103","targetHints":{"allow":["GET"]}}],"collection":[{"href":"https:\/\/jan-clever.de\/index.php?rest_route=\/wp\/v2\/pages"}],"about":[{"href":"https:\/\/jan-clever.de\/index.php?rest_route=\/wp\/v2\/types\/page"}],"author":[{"embeddable":true,"href":"https:\/\/jan-clever.de\/index.php?rest_route=\/wp\/v2\/users\/1"}],"replies":[{"embeddable":true,"href":"https:\/\/jan-clever.de\/index.php?rest_route=%2Fwp%2Fv2%2Fcomments&post=103"}],"version-history":[{"count":8,"href":"https:\/\/jan-clever.de\/index.php?rest_route=\/wp\/v2\/pages\/103\/revisions"}],"predecessor-version":[{"id":193,"href":"https:\/\/jan-clever.de\/index.php?rest_route=\/wp\/v2\/pages\/103\/revisions\/193"}],"wp:attachment":[{"href":"https:\/\/jan-clever.de\/index.php?rest_route=%2Fwp%2Fv2%2Fmedia&parent=103"}],"curies":[{"name":"wp","href":"https:\/\/api.w.org\/{rel}","templated":true}]}}